{"id":250,"date":"2026-03-01T17:18:53","date_gmt":"2026-03-01T17:18:53","guid":{"rendered":"https:\/\/centredumouvement.be\/?page_id=250"},"modified":"2026-04-13T10:59:29","modified_gmt":"2026-04-13T10:59:29","slug":"250-2","status":"publish","type":"page","link":"https:\/\/centredumouvement.be\/index.php\/250-2\/","title":{"rendered":"Pr\u00e9paration physique"},"content":{"rendered":"<p>[et_pb_section fb_built=\u00a0\u00bb1&Prime; custom_padding_last_edited=\u00a0\u00bbon|phone\u00a0\u00bb admin_label=\u00a0\u00bbFeature\u00a0\u00bb _builder_version=\u00a0\u00bb4.27.6&Prime; background_color=\u00a0\u00bb#000000&Prime; custom_padding=\u00a0\u00bb|0px||0px|false|true\u00a0\u00bb custom_padding_tablet=\u00a0\u00bb|0px||0px|false|true\u00a0\u00bb custom_padding_phone=\u00a0\u00bb|||0%\u00a0\u00bb custom_width_px__hover=\u00a0\u00bb1080px\u00a0\u00bb custom_width_px__hover_enabled=\u00a0\u00bb1080px\u00a0\u00bb custom_width_percent__hover=\u00a0\u00bb80%\u00a0\u00bb custom_width_percent__hover_enabled=\u00a0\u00bb80%\u00a0\u00bb global_colors_info=\u00a0\u00bb{}\u00a0\u00bb gutter_width__hover=\u00a0\u00bb3&Prime; gutter_width__hover_enabled=\u00a0\u00bb3&Prime; parallax_1__hover=\u00a0\u00bboff\u00a0\u00bb parallax_1__hover_enabled=\u00a0\u00bboff\u00a0\u00bb parallax_2__hover=\u00a0\u00bboff\u00a0\u00bb parallax_2__hover_enabled=\u00a0\u00bboff\u00a0\u00bb parallax_3__hover=\u00a0\u00bboff\u00a0\u00bb parallax_3__hover_enabled=\u00a0\u00bboff\u00a0\u00bb parallax_method_1__hover=\u00a0\u00bbon\u00a0\u00bb parallax_method_1__hover_enabled=\u00a0\u00bbon\u00a0\u00bb parallax_method_2__hover=\u00a0\u00bbon\u00a0\u00bb parallax_method_2__hover_enabled=\u00a0\u00bbon\u00a0\u00bb parallax_method_3__hover=\u00a0\u00bbon\u00a0\u00bb parallax_method_3__hover_enabled=\u00a0\u00bbon\u00a0\u00bb box_shadow_style__hover=\u00a0\u00bbnone\u00a0\u00bb box_shadow_style__hover_enabled=\u00a0\u00bbnone\u00a0\u00bb box_shadow_color__hover=\u00a0\u00bbrgba(0,0,0,0.3)\u00a0\u00bb box_shadow_color__hover_enabled=\u00a0\u00bbrgba(0,0,0,0.3)\u00a0\u00bb use_background_color_gradient__hover=\u00a0\u00bboff\u00a0\u00bb use_background_color_gradient__hover_enabled=\u00a0\u00bboff\u00a0\u00bb background_color_gradient_start__hover=\u00a0\u00bb#2b87da\u00a0\u00bb background_color_gradient_start__hover_enabled=\u00a0\u00bb#2b87da\u00a0\u00bb background_color_gradient_end__hover=\u00a0\u00bb#29c4a9&Prime; background_color_gradient_end__hover_enabled=\u00a0\u00bb#29c4a9&Prime; background_color_gradient_type__hover=\u00a0\u00bblinear\u00a0\u00bb background_color_gradient_type__hover_enabled=\u00a0\u00bblinear\u00a0\u00bb background_color_gradient_direction__hover=\u00a0\u00bb180deg\u00a0\u00bb background_color_gradient_direction__hover_enabled=\u00a0\u00bb180deg\u00a0\u00bb background_color_gradient_direction_radial__hover=\u00a0\u00bbcenter\u00a0\u00bb background_color_gradient_direction_radial__hover_enabled=\u00a0\u00bbcenter\u00a0\u00bb background_color_gradient_start_position__hover=\u00a0\u00bb0%\u00a0\u00bb background_color_gradient_start_position__hover_enabled=\u00a0\u00bb0%\u00a0\u00bb background_color_gradient_end_position__hover=\u00a0\u00bb100%\u00a0\u00bb background_color_gradient_end_position__hover_enabled=\u00a0\u00bb100%\u00a0\u00bb background_color_gradient_overlays_image__hover=\u00a0\u00bboff\u00a0\u00bb background_color_gradient_overlays_image__hover_enabled=\u00a0\u00bboff\u00a0\u00bb parallax__hover=\u00a0\u00bboff\u00a0\u00bb parallax__hover_enabled=\u00a0\u00bboff\u00a0\u00bb parallax_method__hover=\u00a0\u00bbon\u00a0\u00bb parallax_method__hover_enabled=\u00a0\u00bbon\u00a0\u00bb background_size__hover=\u00a0\u00bbcover\u00a0\u00bb background_size__hover_enabled=\u00a0\u00bbcover\u00a0\u00bb background_position__hover=\u00a0\u00bbcenter\u00a0\u00bb background_position__hover_enabled=\u00a0\u00bbcenter\u00a0\u00bb background_repeat__hover=\u00a0\u00bbno-repeat\u00a0\u00bb background_repeat__hover_enabled=\u00a0\u00bbno-repeat\u00a0\u00bb background_blend__hover=\u00a0\u00bbnormal\u00a0\u00bb background_blend__hover_enabled=\u00a0\u00bbnormal\u00a0\u00bb allow_player_pause__hover=\u00a0\u00bboff\u00a0\u00bb allow_player_pause__hover_enabled=\u00a0\u00bboff\u00a0\u00bb background_video_pause_outside_viewport__hover=\u00a0\u00bbon\u00a0\u00bb background_video_pause_outside_viewport__hover_enabled=\u00a0\u00bbon\u00a0\u00bb inner_shadow__hover=\u00a0\u00bboff\u00a0\u00bb inner_shadow__hover_enabled=\u00a0\u00bboff\u00a0\u00bb make_fullwidth__hover=\u00a0\u00bboff\u00a0\u00bb make_fullwidth__hover_enabled=\u00a0\u00bboff\u00a0\u00bb use_custom_width__hover=\u00a0\u00bboff\u00a0\u00bb use_custom_width__hover_enabled=\u00a0\u00bboff\u00a0\u00bb width_unit__hover=\u00a0\u00bbon\u00a0\u00bb width_unit__hover_enabled=\u00a0\u00bbon\u00a0\u00bb make_equal__hover=\u00a0\u00bboff\u00a0\u00bb make_equal__hover_enabled=\u00a0\u00bboff\u00a0\u00bb use_custom_gutter__hover=\u00a0\u00bboff\u00a0\u00bb use_custom_gutter__hover_enabled=\u00a0\u00bboff\u00a0\u00bb border_radii__hover=\u00a0\u00bbon||||\u00a0\u00bb border_radii__hover_enabled=\u00a0\u00bbon||||\u00a0\u00bb max_width__hover=\u00a0\u00bb100%\u00a0\u00bb max_width__hover_enabled=\u00a0\u00bb100%\u00a0\u00bb filter_hue_rotate__hover=\u00a0\u00bb0deg\u00a0\u00bb filter_hue_rotate__hover_enabled=\u00a0\u00bb0deg\u00a0\u00bb filter_saturate__hover=\u00a0\u00bb100%\u00a0\u00bb filter_saturate__hover_enabled=\u00a0\u00bb100%\u00a0\u00bb filter_brightness__hover=\u00a0\u00bb100%\u00a0\u00bb filter_brightness__hover_enabled=\u00a0\u00bb100%\u00a0\u00bb filter_contrast__hover=\u00a0\u00bb100%\u00a0\u00bb filter_contrast__hover_enabled=\u00a0\u00bb100%\u00a0\u00bb filter_invert__hover=\u00a0\u00bb0%\u00a0\u00bb filter_invert__hover_enabled=\u00a0\u00bb0%\u00a0\u00bb filter_sepia__hover=\u00a0\u00bb0%\u00a0\u00bb filter_sepia__hover_enabled=\u00a0\u00bb0%\u00a0\u00bb filter_opacity__hover=\u00a0\u00bb100%\u00a0\u00bb filter_opacity__hover_enabled=\u00a0\u00bb100%\u00a0\u00bb filter_blur__hover=\u00a0\u00bb0px\u00a0\u00bb filter_blur__hover_enabled=\u00a0\u00bb0px\u00a0\u00bb mix_blend_mode__hover=\u00a0\u00bbnormal\u00a0\u00bb mix_blend_mode__hover_enabled=\u00a0\u00bbnormal\u00a0\u00bb animation_style__hover=\u00a0\u00bbnone\u00a0\u00bb animation_style__hover_enabled=\u00a0\u00bbnone\u00a0\u00bb animation_repeat__hover=\u00a0\u00bbonce\u00a0\u00bb animation_repeat__hover_enabled=\u00a0\u00bbonce\u00a0\u00bb animation_direction__hover=\u00a0\u00bbcenter\u00a0\u00bb animation_direction__hover_enabled=\u00a0\u00bbcenter\u00a0\u00bb animation_duration__hover=\u00a0\u00bb1000ms\u00a0\u00bb animation_duration__hover_enabled=\u00a0\u00bb1000ms\u00a0\u00bb animation_delay__hover=\u00a0\u00bb0ms\u00a0\u00bb animation_delay__hover_enabled=\u00a0\u00bb0ms\u00a0\u00bb animation_intensity_slide__hover=\u00a0\u00bb50%\u00a0\u00bb animation_intensity_slide__hover_enabled=\u00a0\u00bb50%\u00a0\u00bb animation_intensity_zoom__hover=\u00a0\u00bb50%\u00a0\u00bb animation_intensity_zoom__hover_enabled=\u00a0\u00bb50%\u00a0\u00bb animation_intensity_flip__hover=\u00a0\u00bb50%\u00a0\u00bb animation_intensity_flip__hover_enabled=\u00a0\u00bb50%\u00a0\u00bb animation_intensity_fold__hover=\u00a0\u00bb50%\u00a0\u00bb animation_intensity_fold__hover_enabled=\u00a0\u00bb50%\u00a0\u00bb animation_intensity_roll__hover=\u00a0\u00bb50%\u00a0\u00bb animation_intensity_roll__hover_enabled=\u00a0\u00bb50%\u00a0\u00bb animation_starting_opacity__hover=\u00a0\u00bb0%\u00a0\u00bb animation_starting_opacity__hover_enabled=\u00a0\u00bb0%\u00a0\u00bb animation_speed_curve__hover=\u00a0\u00bbease-in-out\u00a0\u00bb animation_speed_curve__hover_enabled=\u00a0\u00bbease-in-out\u00a0\u00bb hover_transition_duration__hover=\u00a0\u00bb300ms\u00a0\u00bb hover_transition_duration__hover_enabled=\u00a0\u00bb300ms\u00a0\u00bb hover_transition_delay__hover=\u00a0\u00bb0ms\u00a0\u00bb hover_transition_delay__hover_enabled=\u00a0\u00bb0ms\u00a0\u00bb hover_transition_speed_curve__hover=\u00a0\u00bbease\u00a0\u00bb hover_transition_speed_curve__hover_enabled=\u00a0\u00bbease\u00a0\u00bb background_color_gradient_stops__hover=\u00a0\u00bb#2b87da 0%|#29c4a9 100%\u00a0\u00bb][et_pb_row column_structure=\u00a0\u00bb1_2,1_2&Prime; make_equal=\u00a0\u00bbon\u00a0\u00bb padding_top_bottom_link_1=\u00a0\u00bbtrue\u00a0\u00bb padding_top_bottom_link_2=\u00a0\u00bbtrue\u00a0\u00bb padding_left_right_link_1=\u00a0\u00bbtrue\u00a0\u00bb padding_left_right_link_2=\u00a0\u00bbtrue\u00a0\u00bb _builder_version=\u00a0\u00bb4.27.6&Prime; background_color=\u00a0\u00bb#000000&Prime; width=\u00a0\u00bb100%\u00a0\u00bb max_width=\u00a0\u00bb100%\u00a0\u00bb module_alignment=\u00a0\u00bbright\u00a0\u00bb custom_margin=\u00a0\u00bb10px||\u00a0\u00bb custom_padding=\u00a0\u00bb0px|0|0px||true|false\u00a0\u00bb border_color_all=\u00a0\u00bbrgba(0,0,0,0)\u00a0\u00bb border_width_top=\u00a0\u00bb10px\u00a0\u00bb border_color_top=\u00a0\u00bb#ffffff\u00a0\u00bb box_shadow_style=\u00a0\u00bbpreset4&Prime; box_shadow_horizontal=\u00a0\u00bb20px\u00a0\u00bb box_shadow_vertical=\u00a0\u00bb-10px\u00a0\u00bb box_shadow_color=\u00a0\u00bb#ffa53b\u00a0\u00bb use_custom_width=\u00a0\u00bbon\u00a0\u00bb width_unit=\u00a0\u00bboff\u00a0\u00bb custom_width_percent=\u00a0\u00bb100%\u00a0\u00bb global_colors_info=\u00a0\u00bb{}\u00a0\u00bb][et_pb_column type=\u00a0\u00bb1_2&Prime; _builder_version=\u00a0\u00bb4.27.6&Prime; use_background_color_gradient=\u00a0\u00bbon\u00a0\u00bb background_color_gradient_direction=\u00a0\u00bb160deg\u00a0\u00bb background_color_gradient_stops=\u00a0\u00bbrgba(0,0,0,0) 0%|rgba(0,0,0,0.81) 72%\u00a0\u00bb background_color_gradient_overlays_image=\u00a0\u00bbon\u00a0\u00bb background_color_gradient_start=\u00a0\u00bbrgba(0,0,0,0)\u00a0\u00bb background_color_gradient_end=\u00a0\u00bbrgba(0,0,0,0.81)\u00a0\u00bb background_color_gradient_end_position=\u00a0\u00bb72%\u00a0\u00bb background_enable_image=\u00a0\u00bboff\u00a0\u00bb custom_padding=\u00a0\u00bb10%|40px|10%|40px\u00a0\u00bb custom_padding_tablet=\u00a0\u00bb|||||true\u00a0\u00bb custom_padding_last_edited=\u00a0\u00bboff|desktop\u00a0\u00bb global_colors_info=\u00a0\u00bb{}\u00a0\u00bb padding_tablet=\u00a0\u00bb|||||true\u00a0\u00bb padding_last_edited=\u00a0\u00bboff|desktop\u00a0\u00bb custom_padding__hover=\u00a0\u00bb|||\u00a0\u00bb][et_pb_image src=\u00a0\u00bbhttp:\/\/centredumouvement.be\/wp-content\/uploads\/2026\/03\/Prepa-Physique.jpg\u00a0\u00bb title_text=\u00a0\u00bbPre\u0301pa Physique\u00a0\u00bb align=\u00a0\u00bbcenter\u00a0\u00bb _builder_version=\u00a0\u00bb4.27.6&Prime; _module_preset=\u00a0\u00bbdefault\u00a0\u00bb global_colors_info=\u00a0\u00bb{}\u00a0\u00bb][\/et_pb_image][\/et_pb_column][et_pb_column type=\u00a0\u00bb1_2&Prime; _builder_version=\u00a0\u00bb4.16&Prime; custom_padding=\u00a0\u00bb10%|40px|10%|40px\u00a0\u00bb custom_padding_tablet=\u00a0\u00bb|2vw||2vw||true\u00a0\u00bb custom_padding_last_edited=\u00a0\u00bboff|desktop\u00a0\u00bb global_colors_info=\u00a0\u00bb{}\u00a0\u00bb padding_tablet=\u00a0\u00bb|2vw||2vw||true\u00a0\u00bb padding_last_edited=\u00a0\u00bboff|desktop\u00a0\u00bb custom_padding__hover=\u00a0\u00bb|||\u00a0\u00bb][et_pb_text _builder_version=\u00a0\u00bb4.27.6&Prime; text_font=\u00a0\u00bbAlbert Sans||||||||\u00a0\u00bb text_text_color=\u00a0\u00bb#E09900&Prime; text_font_size=\u00a0\u00bb19px\u00a0\u00bb text_line_height=\u00a0\u00bb2em\u00a0\u00bb header_font=\u00a0\u00bb||||||||\u00a0\u00bb header_2_font=\u00a0\u00bb|800||on|||||\u00a0\u00bb header_2_font_size=\u00a0\u00bb48px\u00a0\u00bb header_2_letter_spacing=\u00a0\u00bb1px\u00a0\u00bb header_2_line_height=\u00a0\u00bb1.4em\u00a0\u00bb max_width=\u00a0\u00bb600px\u00a0\u00bb animation_style=\u00a0\u00bbslide\u00a0\u00bb animation_direction=\u00a0\u00bbright\u00a0\u00bb animation_intensity_slide=\u00a0\u00bb5%\u00a0\u00bb header_2_font_size_tablet=\u00a0\u00bb30px\u00a0\u00bb header_2_font_size_phone=\u00a0\u00bb20px\u00a0\u00bb header_2_font_size_last_edited=\u00a0\u00bbon|phone\u00a0\u00bb locked=\u00a0\u00bboff\u00a0\u00bb global_colors_info=\u00a0\u00bb{}\u00a0\u00bb]<\/p>\n<h3 class=\"wp-block-paragraph\"><span style=\"color: #e09900;\">Pr\u00e9paration physique, correction posturale<\/span><\/h3>\n<p>Entra\u00eenements collectifs<br br=\"\" \/><a href=\"tel:0477580457\">0477 58 04 57<\/a><br \/><a href=\"tel:0491861382\">0491 86 13 82<\/a><\/p>\n<p>[\/et_pb_text][et_pb_text _builder_version=\u00a0\u00bb4.27.6&Prime; text_font=\u00a0\u00bb||||||||\u00a0\u00bb text_text_color=\u00a0\u00bb#FFFFFF\u00a0\u00bb text_font_size=\u00a0\u00bb16px\u00a0\u00bb text_line_height=\u00a0\u00bb2em\u00a0\u00bb header_font=\u00a0\u00bb||||||||\u00a0\u00bb header_2_font=\u00a0\u00bb|800||on|||||\u00a0\u00bb header_2_font_size=\u00a0\u00bb48px\u00a0\u00bb header_2_letter_spacing=\u00a0\u00bb1px\u00a0\u00bb header_2_line_height=\u00a0\u00bb1.4em\u00a0\u00bb max_width=\u00a0\u00bb600px\u00a0\u00bb custom_padding=\u00a0\u00bb21px|||||\u00a0\u00bb animation_style=\u00a0\u00bbslide\u00a0\u00bb animation_direction=\u00a0\u00bbright\u00a0\u00bb animation_intensity_slide=\u00a0\u00bb5%\u00a0\u00bb header_2_font_size_tablet=\u00a0\u00bb30px\u00a0\u00bb header_2_font_size_phone=\u00a0\u00bb20px\u00a0\u00bb header_2_font_size_last_edited=\u00a0\u00bbon|phone\u00a0\u00bb locked=\u00a0\u00bboff\u00a0\u00bb global_colors_info=\u00a0\u00bb{}\u00a0\u00bb]<\/p>\n<p><span style=\"color: #ffffff; font-size: 13px;\">En salle ou en milieu ext\u00e9rieur, en s\u00e9ance individuelle ou collective, nous prenons soin de votre pr\u00e9paration physique gr\u00e2ce aux m\u00e9thodes <a href=\"https:\/\/functionalpatterns.com\/\" style=\"color: #ffffff;\"><strong>Functional Patterns<\/strong><\/a> et <strong>Origym<\/strong>, pleinement int\u00e9gr\u00e9es dans le concept <strong>Muscle Your Mind \/ Mind Your Muscle<\/strong> cr\u00e9\u00e9 et d\u00e9velopp\u00e9 par Fr\u00e9d\u00e9ric Lennaertz.<\/span><\/p>\n<p><span style=\"color: #ffffff; font-size: 13px;\"><strong>Origym<\/strong> est une approche d\u2019entra\u00eenement physique qui vise \u00e0 am\u00e9liorer la fonctionnalit\u00e9 et la performance du corps humain en se concentrant sur des mouvements naturels (lancer, sauter, grimper, courir, projeter,&#8230;) en salle ou en milieu ext\u00e9rieur pour r\u00e9activer coordination, \u00e9quilibre, force, puissance, vitesse et explosivit\u00e9.<\/span><\/p>\n<p><span style=\"color: #ffffff; font-size: 13px;\"><strong>Functional Patterns<\/strong> met l\u2019accent sur la correction des d\u00e9s\u00e9quilibres musculaires, l\u2019am\u00e9lioration de la posture, ainsi que l\u2019optimisation de la coordination et de la mobilit\u00e9.<br \/>Nos coachs ont une connaissance indispensable des cha\u00eenes musculaires et du fascia, tissus qui garantissent notre coh\u00e9sion, notre fluidit\u00e9 et notre efficacit\u00e9 dans les mouvements sportifs et du quotidien.<br \/>Fr\u00e9d\u00e9ric Lennaertz aime \u00e0 dire que Functional Patterns est une fasciath\u00e9rapie en mouvement !<br \/>Les exercices de \u00ab\u00a0l\u2019industrie du fitness\u00a0\u00bb cr\u00e9ent des blessures et rigidifient l&rsquo;athl\u00e8te \u00e0 son insu ;<br \/>nous luttons contre \u00e7a et prot\u00e9geons l&rsquo;int\u00e9grit\u00e9 physique de nos \u00e9l\u00e8ves en proposant des modes d&rsquo;entrainement qui favorisent le renforcement du corps tout en le gardant en sant\u00e9 \u00e0 court et \u00e0 long terme.<\/span><\/p>\n<p><span style=\"color: #ffffff; font-size: 13px;\"><strong>MYM<\/strong> est un concept qui prend en compte l&rsquo;humain dans sa globalit\u00e9, en unifiant la pr\u00e9paration physique \u00e0 la pr\u00e9paration mentale qui, selon Fr\u00e9d\u00e9ric Lennaertz, sont indissociables ; nous ne pouvons renforcer notre corps qu&rsquo;en renfor\u00e7ant parall\u00e8lement notre esprit (MindYourMuscle)\u2026 et inversement (MuscleYourMind) !<\/span><\/p>\n<p><span style=\"color: #ffffff; font-size: 13px;\">Athl\u00e8te de haut niveau, professionnel ou amateur, s\u00e9dentaire, senior ou jeune sportif, tout le monde a sa place dans nos entra\u00eenements pour une meilleure sant\u00e9 et connaissance de son corps.<\/span><\/p>\n<p>&nbsp;<\/p>\n<p class=\"has-small-font-size wp-block-paragraph\"><strong>Horaires<\/strong><span>\u00a0<\/span>:<\/p>\n<p class=\"has-small-font-size wp-block-paragraph\"><span style=\"color: #ffffff;\">Entra\u00eenements pour tous : lundi et mercredi de 18h30 \u00e0 20h<\/span><\/p>\n<p class=\"has-small-font-size wp-block-paragraph\"><span style=\"color: #ffffff;\">Entra\u00eenements sp\u00e9cifiques jeunes athl\u00e8tes (12-18 ans) : mercredi de 16h30 \u00e0 17h50<\/span><\/p>\n<p class=\"has-small-font-size wp-block-paragraph\"><span style=\"color: #ffffff;\">Gym douce : jeudi 10h30 \u00e0 11h30<\/span><\/p>\n<p class=\"has-small-font-size wp-block-paragraph\"><strong><span style=\"color: #ffffff;\">S\u00e9ances individuelles sur demande<\/span><\/strong><\/p>\n<p>[\/et_pb_text][\/et_pb_column][\/et_pb_row][\/et_pb_section][et_pb_section fb_built=\u00a0\u00bb1&Prime; disabled_on=\u00a0\u00bbon|on|on\u00a0\u00bb admin_label=\u00a0\u00bbHeader\u00a0\u00bb _builder_version=\u00a0\u00bb4.27.6&Prime; _module_preset=\u00a0\u00bbdefault\u00a0\u00bb background_color=\u00a0\u00bbrgba(0,0,0,0.69)\u00a0\u00bb width=\u00a0\u00bb100%\u00a0\u00bb disabled=\u00a0\u00bbon\u00a0\u00bb locked=\u00a0\u00bboff\u00a0\u00bb global_colors_info=\u00a0\u00bb{}\u00a0\u00bb][et_pb_row column_structure=\u00a0\u00bb1_3,2_3&Prime; _builder_version=\u00a0\u00bb4.27.6&Prime; _module_preset=\u00a0\u00bbdefault\u00a0\u00bb custom_padding=\u00a0\u00bb|0px||||\u00a0\u00bb global_colors_info=\u00a0\u00bb{}\u00a0\u00bb][et_pb_column type=\u00a0\u00bb1_3&Prime; _builder_version=\u00a0\u00bb4.27.6&Prime; _module_preset=\u00a0\u00bbdefault\u00a0\u00bb global_colors_info=\u00a0\u00bb{}\u00a0\u00bb][et_pb_image src=\u00a0\u00bbhttp:\/\/centredumouvement.be\/wp-content\/uploads\/2026\/03\/WhatsApp-Image-2026-02-11-at-17.32.08-225&#215;300.jpeg\u00a0\u00bb title_text=\u00a0\u00bbWhatsApp Image 2026-02-11 at 17.32.08&Prime; _builder_version=\u00a0\u00bb4.27.6&Prime; _module_preset=\u00a0\u00bbdefault\u00a0\u00bb min_height=\u00a0\u00bb177px\u00a0\u00bb custom_margin=\u00a0\u00bb|-24px|38px|||\u00a0\u00bb custom_padding=\u00a0\u00bb|0px|146px|||\u00a0\u00bb global_colors_info=\u00a0\u00bb{}\u00a0\u00bb][\/et_pb_image][\/et_pb_column][et_pb_column type=\u00a0\u00bb2_3&Prime; _builder_version=\u00a0\u00bb4.27.6&Prime; _module_preset=\u00a0\u00bbdefault\u00a0\u00bb global_colors_info=\u00a0\u00bb{}\u00a0\u00bb][et_pb_text _builder_version=\u00a0\u00bb4.27.6&Prime; _module_preset=\u00a0\u00bbdefault\u00a0\u00bb text_text_color=\u00a0\u00bb#E09900&Prime; text_font_size=\u00a0\u00bb19px\u00a0\u00bb text_line_height=\u00a0\u00bb2em\u00a0\u00bb width=\u00a0\u00bb96.7%\u00a0\u00bb custom_margin=\u00a0\u00bb|-85px||||\u00a0\u00bb custom_padding=\u00a0\u00bb13px|2px|2px|||\u00a0\u00bb animation_style=\u00a0\u00bbslide\u00a0\u00bb animation_direction=\u00a0\u00bbright\u00a0\u00bb global_colors_info=\u00a0\u00bb{}\u00a0\u00bb]<\/p>\n<h3 class=\"wp-block-paragraph\"><span style=\"color: #e09900;\">Pr\u00e9paration physique, correction posturale<\/span><\/h3>\n<p>Entra\u00eenements collectifs<br br=\"\" \/><a href=\"tel:0477580457\">0477 58 04 57<\/a><br \/><a href=\"tel:0491861382\">0491 86 13 82<\/a><\/p>\n<p>[\/et_pb_text][et_pb_text _builder_version=\u00a0\u00bb4.27.6&Prime; _module_preset=\u00a0\u00bbdefault\u00a0\u00bb text_text_color=\u00a0\u00bb#E09900&Prime; text_font_size=\u00a0\u00bb16px\u00a0\u00bb text_line_height=\u00a0\u00bb2em\u00a0\u00bb width=\u00a0\u00bb96.7%\u00a0\u00bb custom_margin=\u00a0\u00bb|-85px||||\u00a0\u00bb custom_padding=\u00a0\u00bb13px|2px|2px|||\u00a0\u00bb animation_style=\u00a0\u00bbslide\u00a0\u00bb animation_direction=\u00a0\u00bbright\u00a0\u00bb global_colors_info=\u00a0\u00bb{}\u00a0\u00bb]<\/p>\n<p><span style=\"color: #ffffff; font-size: 13px;\">S\u00e9ances collectives de pr\u00e9paration physique en salle sur base de la m\u00e9thode <\/span><strong style=\"color: #ffffff; font-size: 13px;\"><span style=\"text-decoration-line: underline;\"><a href=\"https:\/\/functionalpatterns.com\/\" style=\"color: #ffffff;\">Functional patterns<\/a><\/span>\u00a0et Origym<\/strong><span style=\"color: #ffffff; font-size: 13px;\">. Cette m\u00e9thode est une approche d\u2019entra\u00eenement physique qui vise \u00e0 am\u00e9liorer la fonctionnalit\u00e9 et la performance du corps humain en se concentrant sur les mouvements naturels et les sch\u00e9mas biom\u00e9caniques.<\/span><\/p>\n<p class=\"has-text-align-justify has-small-font-size wp-block-paragraph\"><span style=\"color: #ffffff;\">Cette m\u00e9thode met l\u2019accent sur la<strong>\u00a0correction des d\u00e9s\u00e9quilibres musculaires, l\u2019am\u00e9lioration de la posture, ainsi que l\u2019optimisation de la coordination et de la mobilit\u00e9.<\/strong>\u00a0Elle utilise des techniques de visualisation, d\u2019analyse du mouvement et d\u2019entra\u00eenement sp\u00e9cifique pour aider les individus \u00e0 mieux comprendre leur corps et \u00e0 d\u00e9velopper des mouvements plus efficaces et moins traumatisants. En somme, Functional Patterns cherche \u00e0 rendre les mouvements plus fluides et adapt\u00e9s aux besoins de chaque personne, tout en pr\u00e9venant les blessures.<\/span><\/p>\n<p class=\"has-small-font-size wp-block-paragraph\"><strong>Horaires<\/strong><span>\u00a0<\/span>:<\/p>\n<p class=\"has-small-font-size wp-block-paragraph\"><span style=\"color: #ffffff;\">Entra\u00eenements pour tous : lundi et mercredi de 18h30 \u00e0 20h<\/span><\/p>\n<p class=\"has-small-font-size wp-block-paragraph\"><span style=\"color: #ffffff;\">Entra\u00eenements sp\u00e9cifiques jeunes athl\u00e8tes (12-18 ans) : mercredi de 16h30 \u00e0 17h50<\/span><\/p>\n<p class=\"has-small-font-size wp-block-paragraph\"><span style=\"color: #ffffff;\">Gym douce : jeudi 10h30 \u00e0 11h30<\/span><\/p>\n<p class=\"has-small-font-size wp-block-paragraph\"><strong><span style=\"color: #ffffff;\">S\u00e9ances individuelles sur demande<\/span><\/strong><span style=\"color: #ffffff;\"><\/span><\/p>\n<p class=\"has-small-font-size wp-block-paragraph\">\n<p class=\"has-small-font-size wp-block-paragraph\">\n<p class=\"has-small-font-size wp-block-paragraph\">\n<p>[\/et_pb_text][\/et_pb_column][\/et_pb_row][\/et_pb_section]<\/p>\n","protected":false},"excerpt":{"rendered":"<p>Pr\u00e9paration physique, correction posturale Entra\u00eenements collectifs0477 58 04 570491 86 13 82En salle ou en milieu ext\u00e9rieur, en s\u00e9ance individuelle ou collective, nous prenons soin de votre pr\u00e9paration physique gr\u00e2ce aux m\u00e9thodes Functional Patterns et Origym, pleinement int\u00e9gr\u00e9es dans le concept Muscle Your Mind \/ Mind Your Muscle cr\u00e9\u00e9 et d\u00e9velopp\u00e9 par Fr\u00e9d\u00e9ric Lennaertz. Origym [&hellip;]<\/p>\n","protected":false},"author":1,"featured_media":0,"parent":0,"menu_order":0,"comment_status":"closed","ping_status":"closed","template":"","meta":{"_et_pb_use_builder":"on","_et_pb_old_content":"","_et_gb_content_width":"","footnotes":""},"class_list":["post-250","page","type-page","status-publish","hentry"],"_links":{"self":[{"href":"https:\/\/centredumouvement.be\/index.php\/wp-json\/wp\/v2\/pages\/250","targetHints":{"allow":["GET"]}}],"collection":[{"href":"https:\/\/centredumouvement.be\/index.php\/wp-json\/wp\/v2\/pages"}],"about":[{"href":"https:\/\/centredumouvement.be\/index.php\/wp-json\/wp\/v2\/types\/page"}],"author":[{"embeddable":true,"href":"https:\/\/centredumouvement.be\/index.php\/wp-json\/wp\/v2\/users\/1"}],"replies":[{"embeddable":true,"href":"https:\/\/centredumouvement.be\/index.php\/wp-json\/wp\/v2\/comments?post=250"}],"version-history":[{"count":24,"href":"https:\/\/centredumouvement.be\/index.php\/wp-json\/wp\/v2\/pages\/250\/revisions"}],"predecessor-version":[{"id":1491,"href":"https:\/\/centredumouvement.be\/index.php\/wp-json\/wp\/v2\/pages\/250\/revisions\/1491"}],"wp:attachment":[{"href":"https:\/\/centredumouvement.be\/index.php\/wp-json\/wp\/v2\/media?parent=250"}],"curies":[{"name":"wp","href":"https:\/\/api.w.org\/{rel}","templated":true}]}}